{"id":11891,"date":"2025-01-31T13:17:58","date_gmt":"2025-01-31T13:17:58","guid":{"rendered":"https:\/\/legendarydracula.com\/?post_type=product&#038;p=11891"},"modified":"2025-02-13T00:15:13","modified_gmt":"2025-02-13T00:15:13","slug":"legenda-dracula-spirit-potiune-de-dracula-dubla-distilata-pruna-200ml-copy-copy","status":"publish","type":"product","link":"https:\/\/legendarydracula.com\/ro\/produs\/legenda-dracula-spirit-potiune-de-dracula-dubla-distilata-pruna-200ml-copy-copy\/","title":{"rendered":"Legendary Dracula Spirtoas\u0103 Potion of Dracula dublu distilat mere 200ml"},"content":{"rendered":"","protected":false},"excerpt":{"rendered":"<p>P\u0103linc\u0103 de Mere 200ml<\/p>\n","protected":false},"featured_media":11893,"template":"","meta":{"_acf_changed":false},"product_brand":[],"product_cat":[92],"product_tag":[],"class_list":{"0":"post-11891","1":"product","2":"type-product","3":"status-publish","4":"has-post-thumbnail","6":"product_cat-brandy-ro","8":"first","9":"instock","10":"taxable","11":"shipping-taxable","12":"purchasable","13":"product-type-simple"},"acf":[],"_links":{"self":[{"href":"https:\/\/legendarydracula.com\/ro\/wp-json\/wp\/v2\/product\/11891","targetHints":{"allow":["GET"]}}],"collection":[{"href":"https:\/\/legendarydracula.com\/ro\/wp-json\/wp\/v2\/product"}],"about":[{"href":"https:\/\/legendarydracula.com\/ro\/wp-json\/wp\/v2\/types\/product"}],"wp:featuredmedia":[{"embeddable":true,"href":"https:\/\/legendarydracula.com\/ro\/wp-json\/wp\/v2\/media\/11893"}],"wp:attachment":[{"href":"https:\/\/legendarydracula.com\/ro\/wp-json\/wp\/v2\/media?parent=11891"}],"wp:term":[{"taxonomy":"product_brand","embeddable":true,"href":"https:\/\/legendarydracula.com\/ro\/wp-json\/wp\/v2\/product_brand?post=11891"},{"taxonomy":"product_cat","embeddable":true,"href":"https:\/\/legendarydracula.com\/ro\/wp-json\/wp\/v2\/product_cat?post=11891"},{"taxonomy":"product_tag","embeddable":true,"href":"https:\/\/legendarydracula.com\/ro\/wp-json\/wp\/v2\/product_tag?post=11891"}],"curies":[{"name":"wp","href":"https:\/\/api.w.org\/{rel}","templated":true}]}}