{"id":11840,"date":"2025-06-26T17:23:12","date_gmt":"2025-06-26T17:23:12","guid":{"rendered":"https:\/\/legendarydracula.com\/product\/vin-alb-legendar-dracula-conte-dracula-sauvignon-blanc-feteasca-alba-dry-750ml\/"},"modified":"2025-02-01T17:09:19","modified_gmt":"2025-02-01T17:09:19","slug":"vin-alb-legendar-dracula-conte-dracula-sauvignon-blanc-feteasca-alba-dry-750ml","status":"publish","type":"product","link":"https:\/\/legendarydracula.com\/ro\/produs\/vin-alb-legendar-dracula-conte-dracula-sauvignon-blanc-feteasca-alba-dry-750ml\/","title":{"rendered":"Vin alb legendar Dracula Conte Dracula Sauvignon Blanc &amp; Feteasc\u0103 Alb\u0103 Dry 750ml"},"content":{"rendered":"","protected":false},"excerpt":{"rendered":"<p>Sauvignon Blanc &amp; Feteasc\u0103 Alb\u0103 Dry 750ml<\/p>\n","protected":false},"featured_media":11729,"template":"","meta":{"_acf_changed":false},"product_brand":[],"product_cat":[93,96,112,94,91],"product_tag":[],"class_list":{"0":"post-11840","1":"product","2":"type-product","3":"status-publish","4":"has-post-thumbnail","6":"product_cat-alb","7":"product_cat-feteasca-alba-ro","8":"product_cat-sauvignon-blanc-ro","9":"product_cat-uscat","10":"product_cat-vinuri","12":"first","13":"instock","14":"taxable","15":"shipping-taxable","16":"purchasable","17":"product-type-simple"},"acf":[],"_links":{"self":[{"href":"https:\/\/legendarydracula.com\/ro\/wp-json\/wp\/v2\/product\/11840","targetHints":{"allow":["GET"]}}],"collection":[{"href":"https:\/\/legendarydracula.com\/ro\/wp-json\/wp\/v2\/product"}],"about":[{"href":"https:\/\/legendarydracula.com\/ro\/wp-json\/wp\/v2\/types\/product"}],"wp:featuredmedia":[{"embeddable":true,"href":"https:\/\/legendarydracula.com\/ro\/wp-json\/wp\/v2\/media\/11729"}],"wp:attachment":[{"href":"https:\/\/legendarydracula.com\/ro\/wp-json\/wp\/v2\/media?parent=11840"}],"wp:term":[{"taxonomy":"product_brand","embeddable":true,"href":"https:\/\/legendarydracula.com\/ro\/wp-json\/wp\/v2\/product_brand?post=11840"},{"taxonomy":"product_cat","embeddable":true,"href":"https:\/\/legendarydracula.com\/ro\/wp-json\/wp\/v2\/product_cat?post=11840"},{"taxonomy":"product_tag","embeddable":true,"href":"https:\/\/legendarydracula.com\/ro\/wp-json\/wp\/v2\/product_tag?post=11840"}],"curies":[{"name":"wp","href":"https:\/\/api.w.org\/{rel}","templated":true}]}}