{"id":11836,"date":"2025-01-26T17:23:11","date_gmt":"2025-01-26T17:23:11","guid":{"rendered":"https:\/\/legendarydracula.com\/product\/legenda-dracula-vin-rosu-draculea-feteasca-neagra-syrah-sec-750ml\/"},"modified":"2025-02-01T17:09:17","modified_gmt":"2025-02-01T17:09:17","slug":"legenda-dracula-vin-rosu-draculea-feteasca-neagra-syrah-sec-750ml","status":"publish","type":"product","link":"https:\/\/legendarydracula.com\/ro\/produs\/legenda-dracula-vin-rosu-draculea-feteasca-neagra-syrah-sec-750ml\/","title":{"rendered":"Legenda Dracula Vin ro\u0219u Draculea Feteasc\u0103 Neagr\u0103 &amp; Syrah Sec 750ml"},"content":{"rendered":"","protected":false},"excerpt":{"rendered":"<p>Feteasc\u0103 Neagr\u0103 &amp; Syrah Sec 750ml<\/p>\n","protected":false},"featured_media":11727,"template":"","meta":{"_acf_changed":false},"product_brand":[],"product_cat":[97,98,111,94,91],"product_tag":[],"class_list":{"0":"post-11836","1":"product","2":"type-product","3":"status-publish","4":"has-post-thumbnail","6":"product_cat-feteasca-neagra-ro","7":"product_cat-rosu","8":"product_cat-syrah-ro","9":"product_cat-uscat","10":"product_cat-vinuri","12":"first","13":"instock","14":"taxable","15":"shipping-taxable","16":"purchasable","17":"product-type-simple"},"acf":[],"_links":{"self":[{"href":"https:\/\/legendarydracula.com\/ro\/wp-json\/wp\/v2\/product\/11836","targetHints":{"allow":["GET"]}}],"collection":[{"href":"https:\/\/legendarydracula.com\/ro\/wp-json\/wp\/v2\/product"}],"about":[{"href":"https:\/\/legendarydracula.com\/ro\/wp-json\/wp\/v2\/types\/product"}],"wp:featuredmedia":[{"embeddable":true,"href":"https:\/\/legendarydracula.com\/ro\/wp-json\/wp\/v2\/media\/11727"}],"wp:attachment":[{"href":"https:\/\/legendarydracula.com\/ro\/wp-json\/wp\/v2\/media?parent=11836"}],"wp:term":[{"taxonomy":"product_brand","embeddable":true,"href":"https:\/\/legendarydracula.com\/ro\/wp-json\/wp\/v2\/product_brand?post=11836"},{"taxonomy":"product_cat","embeddable":true,"href":"https:\/\/legendarydracula.com\/ro\/wp-json\/wp\/v2\/product_cat?post=11836"},{"taxonomy":"product_tag","embeddable":true,"href":"https:\/\/legendarydracula.com\/ro\/wp-json\/wp\/v2\/product_tag?post=11836"}],"curies":[{"name":"wp","href":"https:\/\/api.w.org\/{rel}","templated":true}]}}