{"id":11825,"date":"2025-01-26T17:23:06","date_gmt":"2025-01-26T17:23:06","guid":{"rendered":"https:\/\/legendarydracula.com\/product\/vin-alb-legendar-dracula-castellum-dracula-tamaioasa-romaneasca-dry-750ml\/"},"modified":"2025-02-01T17:10:23","modified_gmt":"2025-02-01T17:10:23","slug":"vin-alb-legendar-dracula-castellum-dracula-tamaioasa-romaneasca-dry-750ml","status":"publish","type":"product","link":"https:\/\/legendarydracula.com\/ro\/produs\/vin-alb-legendar-dracula-castellum-dracula-tamaioasa-romaneasca-dry-750ml\/","title":{"rendered":"Vin alb legendar Dracula Castellum Dracula T\u0103m\u00e2ioas\u0103 Rom\u00e2neasc\u0103 Dry 750ml"},"content":{"rendered":"","protected":false},"excerpt":{"rendered":"<p>T\u0103m\u00e2ioas\u0103 Rom\u00e2neasc\u0103 Sec 750ml<\/p>\n","protected":false},"featured_media":11717,"template":"","meta":{"_acf_changed":false},"product_brand":[],"product_cat":[93,95,94,91],"product_tag":[],"class_list":{"0":"post-11825","1":"product","2":"type-product","3":"status-publish","4":"has-post-thumbnail","6":"product_cat-alb","7":"product_cat-tamaioasa-romaneasca-ro","8":"product_cat-uscat","9":"product_cat-vinuri","11":"first","12":"instock","13":"taxable","14":"shipping-taxable","15":"purchasable","16":"product-type-simple"},"acf":[],"_links":{"self":[{"href":"https:\/\/legendarydracula.com\/ro\/wp-json\/wp\/v2\/product\/11825","targetHints":{"allow":["GET"]}}],"collection":[{"href":"https:\/\/legendarydracula.com\/ro\/wp-json\/wp\/v2\/product"}],"about":[{"href":"https:\/\/legendarydracula.com\/ro\/wp-json\/wp\/v2\/types\/product"}],"wp:featuredmedia":[{"embeddable":true,"href":"https:\/\/legendarydracula.com\/ro\/wp-json\/wp\/v2\/media\/11717"}],"wp:attachment":[{"href":"https:\/\/legendarydracula.com\/ro\/wp-json\/wp\/v2\/media?parent=11825"}],"wp:term":[{"taxonomy":"product_brand","embeddable":true,"href":"https:\/\/legendarydracula.com\/ro\/wp-json\/wp\/v2\/product_brand?post=11825"},{"taxonomy":"product_cat","embeddable":true,"href":"https:\/\/legendarydracula.com\/ro\/wp-json\/wp\/v2\/product_cat?post=11825"},{"taxonomy":"product_tag","embeddable":true,"href":"https:\/\/legendarydracula.com\/ro\/wp-json\/wp\/v2\/product_tag?post=11825"}],"curies":[{"name":"wp","href":"https:\/\/api.w.org\/{rel}","templated":true}]}}