{"id":11811,"date":"2025-01-26T19:25:23","date_gmt":"2025-01-26T19:25:23","guid":{"rendered":"https:\/\/legendarydracula.com\/product\/legenda-dracula-spirit-potiune-de-dracula-dubla-distilata-pruna-200ml\/"},"modified":"2025-02-13T00:04:05","modified_gmt":"2025-02-13T00:04:05","slug":"legenda-dracula-spirit-potiune-de-dracula-dubla-distilata-pruna-200ml","status":"publish","type":"product","link":"https:\/\/legendarydracula.com\/ro\/produs\/legenda-dracula-spirit-potiune-de-dracula-dubla-distilata-pruna-200ml\/","title":{"rendered":"Legenda Dracula P\u0103linc\u0103 Potion of Dracula dubl\u0103 distilat\u0103 prun\u0103 200ml"},"content":{"rendered":"","protected":false},"excerpt":{"rendered":"<p>P\u0103linc\u0103 de prune 200ml<\/p>\n","protected":false},"featured_media":11740,"template":"","meta":{"_acf_changed":false},"product_brand":[],"product_cat":[92],"product_tag":[],"class_list":{"0":"post-11811","1":"product","2":"type-product","3":"status-publish","4":"has-post-thumbnail","6":"product_cat-brandy-ro","8":"first","9":"instock","10":"taxable","11":"shipping-taxable","12":"purchasable","13":"product-type-simple"},"acf":[],"_links":{"self":[{"href":"https:\/\/legendarydracula.com\/ro\/wp-json\/wp\/v2\/product\/11811","targetHints":{"allow":["GET"]}}],"collection":[{"href":"https:\/\/legendarydracula.com\/ro\/wp-json\/wp\/v2\/product"}],"about":[{"href":"https:\/\/legendarydracula.com\/ro\/wp-json\/wp\/v2\/types\/product"}],"wp:featuredmedia":[{"embeddable":true,"href":"https:\/\/legendarydracula.com\/ro\/wp-json\/wp\/v2\/media\/11740"}],"wp:attachment":[{"href":"https:\/\/legendarydracula.com\/ro\/wp-json\/wp\/v2\/media?parent=11811"}],"wp:term":[{"taxonomy":"product_brand","embeddable":true,"href":"https:\/\/legendarydracula.com\/ro\/wp-json\/wp\/v2\/product_brand?post=11811"},{"taxonomy":"product_cat","embeddable":true,"href":"https:\/\/legendarydracula.com\/ro\/wp-json\/wp\/v2\/product_cat?post=11811"},{"taxonomy":"product_tag","embeddable":true,"href":"https:\/\/legendarydracula.com\/ro\/wp-json\/wp\/v2\/product_tag?post=11811"}],"curies":[{"name":"wp","href":"https:\/\/api.w.org\/{rel}","templated":true}]}}