{"id":11807,"date":"2025-01-26T17:23:16","date_gmt":"2025-01-26T17:23:16","guid":{"rendered":"https:\/\/legendarydracula.com\/product\/vin-rosu-legendar-dracula-legend-of-dracula-feteasca-neagra-dry-750ml\/"},"modified":"2025-02-01T17:09:22","modified_gmt":"2025-02-01T17:09:22","slug":"vin-rosu-legendar-dracula-legend-of-dracula-feteasca-neagra-dry-750ml","status":"publish","type":"product","link":"https:\/\/legendarydracula.com\/ro\/produs\/vin-rosu-legendar-dracula-legend-of-dracula-feteasca-neagra-dry-750ml\/","title":{"rendered":"Vin ro\u0219u legendar Dracula Legend Of Dracula Feteasc\u0103 Neagr\u0103 Dry 750ml"},"content":{"rendered":"","protected":false},"excerpt":{"rendered":"<p>Feteasc\u0103 Neagr\u0103 Sec 750ml<\/p>\n","protected":false},"featured_media":11737,"template":"","meta":{"_acf_changed":false},"product_brand":[],"product_cat":[97,98,94,91],"product_tag":[],"class_list":{"0":"post-11807","1":"product","2":"type-product","3":"status-publish","4":"has-post-thumbnail","6":"product_cat-feteasca-neagra-ro","7":"product_cat-rosu","8":"product_cat-uscat","9":"product_cat-vinuri","11":"first","12":"instock","13":"taxable","14":"shipping-taxable","15":"purchasable","16":"product-type-simple"},"acf":[],"_links":{"self":[{"href":"https:\/\/legendarydracula.com\/ro\/wp-json\/wp\/v2\/product\/11807","targetHints":{"allow":["GET"]}}],"collection":[{"href":"https:\/\/legendarydracula.com\/ro\/wp-json\/wp\/v2\/product"}],"about":[{"href":"https:\/\/legendarydracula.com\/ro\/wp-json\/wp\/v2\/types\/product"}],"wp:featuredmedia":[{"embeddable":true,"href":"https:\/\/legendarydracula.com\/ro\/wp-json\/wp\/v2\/media\/11737"}],"wp:attachment":[{"href":"https:\/\/legendarydracula.com\/ro\/wp-json\/wp\/v2\/media?parent=11807"}],"wp:term":[{"taxonomy":"product_brand","embeddable":true,"href":"https:\/\/legendarydracula.com\/ro\/wp-json\/wp\/v2\/product_brand?post=11807"},{"taxonomy":"product_cat","embeddable":true,"href":"https:\/\/legendarydracula.com\/ro\/wp-json\/wp\/v2\/product_cat?post=11807"},{"taxonomy":"product_tag","embeddable":true,"href":"https:\/\/legendarydracula.com\/ro\/wp-json\/wp\/v2\/product_tag?post=11807"}],"curies":[{"name":"wp","href":"https:\/\/api.w.org\/{rel}","templated":true}]}}