{"id":11805,"date":"2025-01-26T17:23:16","date_gmt":"2025-01-26T17:23:16","guid":{"rendered":"https:\/\/legendarydracula.com\/product\/vin-alb-legendar-dracula-legend-of-dracula-feteasca-alba-dry-750ml\/"},"modified":"2025-02-01T17:09:20","modified_gmt":"2025-02-01T17:09:20","slug":"vin-alb-legendar-dracula-legend-of-dracula-feteasca-alba-dry-750ml","status":"publish","type":"product","link":"https:\/\/legendarydracula.com\/ro\/produs\/vin-alb-legendar-dracula-legend-of-dracula-feteasca-alba-dry-750ml\/","title":{"rendered":"Vin alb legendar Dracula Legend Of Dracula Feteasc\u0103 Alb\u0103 Dry 750ml"},"content":{"rendered":"","protected":false},"excerpt":{"rendered":"<p>Feteasc\u0103 Alb\u0103 Sec 750ml<\/p>\n","protected":false},"featured_media":11738,"template":"","meta":{"_acf_changed":false},"product_brand":[],"product_cat":[96,94,91],"product_tag":[],"class_list":{"0":"post-11805","1":"product","2":"type-product","3":"status-publish","4":"has-post-thumbnail","6":"product_cat-feteasca-alba-ro","7":"product_cat-uscat","8":"product_cat-vinuri","10":"first","11":"instock","12":"taxable","13":"shipping-taxable","14":"purchasable","15":"product-type-simple"},"acf":[],"_links":{"self":[{"href":"https:\/\/legendarydracula.com\/ro\/wp-json\/wp\/v2\/product\/11805","targetHints":{"allow":["GET"]}}],"collection":[{"href":"https:\/\/legendarydracula.com\/ro\/wp-json\/wp\/v2\/product"}],"about":[{"href":"https:\/\/legendarydracula.com\/ro\/wp-json\/wp\/v2\/types\/product"}],"wp:featuredmedia":[{"embeddable":true,"href":"https:\/\/legendarydracula.com\/ro\/wp-json\/wp\/v2\/media\/11738"}],"wp:attachment":[{"href":"https:\/\/legendarydracula.com\/ro\/wp-json\/wp\/v2\/media?parent=11805"}],"wp:term":[{"taxonomy":"product_brand","embeddable":true,"href":"https:\/\/legendarydracula.com\/ro\/wp-json\/wp\/v2\/product_brand?post=11805"},{"taxonomy":"product_cat","embeddable":true,"href":"https:\/\/legendarydracula.com\/ro\/wp-json\/wp\/v2\/product_cat?post=11805"},{"taxonomy":"product_tag","embeddable":true,"href":"https:\/\/legendarydracula.com\/ro\/wp-json\/wp\/v2\/product_tag?post=11805"}],"curies":[{"name":"wp","href":"https:\/\/api.w.org\/{rel}","templated":true}]}}