{"id":11804,"date":"2025-01-26T20:54:13","date_gmt":"2025-01-26T20:54:13","guid":{"rendered":"https:\/\/legendarydracula.com\/product\/legendarul-dracula-spiritul-lui-dracula-mar-dublu-distilat-500ml\/"},"modified":"2025-02-13T00:03:21","modified_gmt":"2025-02-13T00:03:21","slug":"legendarul-dracula-spiritul-lui-dracula-mar-dublu-distilat-500ml","status":"publish","type":"product","link":"https:\/\/legendarydracula.com\/ro\/produs\/legendarul-dracula-spiritul-lui-dracula-mar-dublu-distilat-500ml\/","title":{"rendered":"Legendarul Dracula Spiritul lui Dracula M\u0103r dublu distilat 500ml"},"content":{"rendered":"","protected":false},"excerpt":{"rendered":"<p>P\u0103linc\u0103 de mere 500ml<\/p>\n","protected":false},"featured_media":11743,"template":"","meta":{"_acf_changed":false},"product_brand":[],"product_cat":[92],"product_tag":[],"class_list":{"0":"post-11804","1":"product","2":"type-product","3":"status-publish","4":"has-post-thumbnail","6":"product_cat-brandy-ro","8":"first","9":"instock","10":"taxable","11":"shipping-taxable","12":"purchasable","13":"product-type-simple"},"acf":[],"_links":{"self":[{"href":"https:\/\/legendarydracula.com\/ro\/wp-json\/wp\/v2\/product\/11804","targetHints":{"allow":["GET"]}}],"collection":[{"href":"https:\/\/legendarydracula.com\/ro\/wp-json\/wp\/v2\/product"}],"about":[{"href":"https:\/\/legendarydracula.com\/ro\/wp-json\/wp\/v2\/types\/product"}],"wp:featuredmedia":[{"embeddable":true,"href":"https:\/\/legendarydracula.com\/ro\/wp-json\/wp\/v2\/media\/11743"}],"wp:attachment":[{"href":"https:\/\/legendarydracula.com\/ro\/wp-json\/wp\/v2\/media?parent=11804"}],"wp:term":[{"taxonomy":"product_brand","embeddable":true,"href":"https:\/\/legendarydracula.com\/ro\/wp-json\/wp\/v2\/product_brand?post=11804"},{"taxonomy":"product_cat","embeddable":true,"href":"https:\/\/legendarydracula.com\/ro\/wp-json\/wp\/v2\/product_cat?post=11804"},{"taxonomy":"product_tag","embeddable":true,"href":"https:\/\/legendarydracula.com\/ro\/wp-json\/wp\/v2\/product_tag?post=11804"}],"curies":[{"name":"wp","href":"https:\/\/api.w.org\/{rel}","templated":true}]}}